{"id":534,"date":"2025-05-19T11:07:45","date_gmt":"2025-05-19T09:07:45","guid":{"rendered":"https:\/\/lehmann-apartments.de\/?page_id=534"},"modified":"2025-05-19T16:47:02","modified_gmt":"2025-05-19T14:47:02","slug":"impressum","status":"publish","type":"page","link":"https:\/\/lehmann-apartments.de\/en\/impressum\/","title":{"rendered":"Legal notice"},"content":{"rendered":"<p>[et_pb_section fb_built=&#8220;1&#8243; _builder_version=&#8220;4.27.4&#8243; _module_preset=&#8220;default&#8220; global_colors_info=&#8220;{}&#8220;][et_pb_row _builder_version=&#8220;4.27.4&#8243; _module_preset=&#8220;default&#8220; global_colors_info=&#8220;{}&#8220;][et_pb_column type=&#8220;4_4&#8243; _builder_version=&#8220;4.27.4&#8243; _module_preset=&#8220;default&#8220; global_colors_info=&#8220;{}&#8220;][et_pb_text _builder_version=&#8220;4.27.4&#8243; _module_preset=&#8220;default&#8220; hover_enabled=&#8220;0&#8243; global_colors_info=&#8220;{}&#8220; sticky_enabled=&#8220;0&#8243;]<\/p>\n<h1>Impressum<\/h1>\n<p>Angaben gem\u00e4\u00df \u00a7 5 TMG:<br \/>\n<strong>Karlstra\u00dfe GbR<\/strong><br \/>\nSprendlinger Landstra\u00dfe 115<br \/>\nD-63069 Offenbach am Main<\/p>\n<p>Vertreten durch:<br \/>\nVolodymyr Gorodetskyy<br \/>\nLehmann Holding GmbH<br \/>\nNiko Gelo<br \/>\nViktor Kljoksin<\/p>\n<p><strong>Kontakt:<\/strong><br \/>\nTelefon: +49 (0) 69 \/ 153 428 81<br \/>\nTelefax: +49 (0) 69 \/ 153 428 82<br \/>\nE-Mail: <a href=\"mailto:info@lehmann-apartments.de\">info@lehmann-apartments.de<\/a><\/p>\n<p><strong>Umsatzsteuer-Identifikationsnummer gem\u00e4\u00df \u00a7 27 a Umsatzsteuergesetz:<\/strong><br \/>\nDE363711717<\/p>\n<h2>Verantwortlich f\u00fcr den Inhalt nach \u00a7 55 Abs. 2 RStV:<\/h2>\n<p>Karlstra\u00dfe GbR<br \/>\nSprendlinger Landstra\u00dfe 115<br \/>\nD-63069 Offenbach am Main<\/p>\n<h2>Haftungsausschluss (Disclaimer)<\/h2>\n<p>Trotz sorgf\u00e4ltiger inhaltlicher Kontrolle \u00fcbernehmen wir keine Haftung f\u00fcr die Inhalte externer Links. F\u00fcr den Inhalt der verlinkten Seiten sind ausschlie\u00dflich deren Betreiber verantwortlich.<\/p>\n<h2>Urheberrecht<\/h2>\n<p>Die durch die Seitenbetreiber erstellten Inhalte und Werke auf dieser Website unterliegen dem deutschen Urheberrecht. Die Vervielf\u00e4ltigung, Bearbeitung, Verbreitung und jede Art der Verwertung au\u00dferhalb der Grenzen des Urheberrechts bed\u00fcrfen der schriftlichen Zustimmung des jeweiligen Autors bzw. Erstellers.<\/p>\n<h2>Online-Streitbeilegung gem\u00e4\u00df Art. 14 Abs. 1 ODR-VO:<\/h2>\n<p>Die Europ\u00e4ische Kommission stellt eine Plattform zur Online-Streitbeilegung (OS) bereit:<br \/>\n<a href=\"https:\/\/ec.europa.eu\/consumers\/odr\" target=\"_blank\" rel=\"noopener noreferrer\">https:\/\/ec.europa.eu\/consumers\/odr<\/a><br \/>\nUnsere E-Mail-Adresse finden Sie oben im Impressum.<\/p>\n<h2>Verbraucherstreitbeilegung<\/h2>\n<p>Wir sind nicht verpflichtet und nicht bereit, an Streitbeilegungsverfahren vor einer Verbraucherschlichtungsstelle teilzunehmen.<br \/>\n[\/et_pb_text][\/et_pb_column][\/et_pb_row][\/et_pb_section]<\/p>\n","protected":false},"excerpt":{"rendered":"<p>Impressum Angaben gem\u00e4\u00df \u00a7 5 TMG: Karlstra\u00dfe GbR Sprendlinger Landstra\u00dfe 115 D-63069 Offenbach am Main Vertreten durch: Volodymyr Gorodetskyy Lehmann Holding GmbH Niko Gelo Viktor Kljoksin Kontakt: Telefon: +49 (0) 69 \/ 153 428 81 Telefax: +49 (0) 69 \/ 153 428 82 E-Mail: info@lehmann-apartments.de Umsatzsteuer-Identifikationsnummer gem\u00e4\u00df \u00a7 27 a Umsatzsteuergesetz: DE363711717 Verantwortlich f\u00fcr den [&hellip;]<\/p>\n","protected":false},"author":2,"featured_media":0,"parent":0,"menu_order":0,"comment_status":"closed","ping_status":"closed","template":"","meta":{"_et_pb_use_builder":"on","_et_pb_old_content":"","_et_gb_content_width":"","inline_featured_image":false,"footnotes":""},"class_list":["post-534","page","type-page","status-publish","hentry"],"yoast_head":"<!-- This site is optimized with the Yoast SEO plugin v27.3 - https:\/\/yoast.com\/product\/yoast-seo-wordpress\/ -->\n<title>Impressum - Lehmann Apartments<\/title>\n<meta name=\"robots\" content=\"noindex, follow\" \/>\n<meta property=\"og:locale\" content=\"en_US\" \/>\n<meta property=\"og:type\" content=\"article\" \/>\n<meta property=\"og:title\" content=\"Impressum - Lehmann Apartments\" \/>\n<meta property=\"og:description\" content=\"Impressum Angaben gem\u00e4\u00df \u00a7 5 TMG: Karlstra\u00dfe GbR Sprendlinger Landstra\u00dfe 115 D-63069 Offenbach am Main Vertreten durch: Volodymyr Gorodetskyy Lehmann Holding GmbH Niko Gelo Viktor Kljoksin Kontakt: Telefon: +49 (0) 69 \/ 153 428 81 Telefax: +49 (0) 69 \/ 153 428 82 E-Mail: info@lehmann-apartments.de Umsatzsteuer-Identifikationsnummer gem\u00e4\u00df \u00a7 27 a Umsatzsteuergesetz: DE363711717 Verantwortlich f\u00fcr den [&hellip;]\" \/>\n<meta property=\"og:url\" content=\"https:\/\/lehmann-apartments.de\/en\/impressum\/\" \/>\n<meta property=\"og:site_name\" content=\"Lehmann Apartments\" \/>\n<meta property=\"article:modified_time\" content=\"2025-05-19T14:47:02+00:00\" \/>\n<meta name=\"twitter:card\" content=\"summary_large_image\" \/>\n<meta name=\"twitter:label1\" content=\"Est. reading time\" \/>\n\t<meta name=\"twitter:data1\" content=\"2 minutes\" \/>\n<script type=\"application\/ld+json\" class=\"yoast-schema-graph\">{\"@context\":\"https:\\\/\\\/schema.org\",\"@graph\":[{\"@type\":\"WebPage\",\"@id\":\"https:\\\/\\\/lehmann-apartments.de\\\/impressum\\\/\",\"url\":\"https:\\\/\\\/lehmann-apartments.de\\\/impressum\\\/\",\"name\":\"Impressum - Lehmann Apartments\",\"isPartOf\":{\"@id\":\"https:\\\/\\\/lehmann-apartments.de\\\/#website\"},\"datePublished\":\"2025-05-19T09:07:45+00:00\",\"dateModified\":\"2025-05-19T14:47:02+00:00\",\"breadcrumb\":{\"@id\":\"https:\\\/\\\/lehmann-apartments.de\\\/impressum\\\/#breadcrumb\"},\"inLanguage\":\"en-US\",\"potentialAction\":[{\"@type\":\"ReadAction\",\"target\":[\"https:\\\/\\\/lehmann-apartments.de\\\/impressum\\\/\"]}]},{\"@type\":\"BreadcrumbList\",\"@id\":\"https:\\\/\\\/lehmann-apartments.de\\\/impressum\\\/#breadcrumb\",\"itemListElement\":[{\"@type\":\"ListItem\",\"position\":1,\"name\":\"Startseite\",\"item\":\"https:\\\/\\\/lehmann-apartments.de\\\/\"},{\"@type\":\"ListItem\",\"position\":2,\"name\":\"Impressum\"}]},{\"@type\":\"WebSite\",\"@id\":\"https:\\\/\\\/lehmann-apartments.de\\\/#website\",\"url\":\"https:\\\/\\\/lehmann-apartments.de\\\/\",\"name\":\"Lehmann Apartments\",\"description\":\"M\u00f6blierte Apartments in Neu-Isenburg\",\"potentialAction\":[{\"@type\":\"SearchAction\",\"target\":{\"@type\":\"EntryPoint\",\"urlTemplate\":\"https:\\\/\\\/lehmann-apartments.de\\\/?s={search_term_string}\"},\"query-input\":{\"@type\":\"PropertyValueSpecification\",\"valueRequired\":true,\"valueName\":\"search_term_string\"}}],\"inLanguage\":\"en-US\"}]}<\/script>\n<!-- \/ Yoast SEO plugin. -->","yoast_head_json":{"title":"Imprint - Lehmann Apartments","robots":{"index":"noindex","follow":"follow"},"og_locale":"en_US","og_type":"article","og_title":"Impressum - Lehmann Apartments","og_description":"Impressum Angaben gem\u00e4\u00df \u00a7 5 TMG: Karlstra\u00dfe GbR Sprendlinger Landstra\u00dfe 115 D-63069 Offenbach am Main Vertreten durch: Volodymyr Gorodetskyy Lehmann Holding GmbH Niko Gelo Viktor Kljoksin Kontakt: Telefon: +49 (0) 69 \/ 153 428 81 Telefax: +49 (0) 69 \/ 153 428 82 E-Mail: info@lehmann-apartments.de Umsatzsteuer-Identifikationsnummer gem\u00e4\u00df \u00a7 27 a Umsatzsteuergesetz: DE363711717 Verantwortlich f\u00fcr den [&hellip;]","og_url":"https:\/\/lehmann-apartments.de\/en\/impressum\/","og_site_name":"Lehmann Apartments","article_modified_time":"2025-05-19T14:47:02+00:00","twitter_card":"summary_large_image","twitter_misc":{"Est. reading time":"2 minutes"},"schema":{"@context":"https:\/\/schema.org","@graph":[{"@type":"WebPage","@id":"https:\/\/lehmann-apartments.de\/impressum\/","url":"https:\/\/lehmann-apartments.de\/impressum\/","name":"Imprint - Lehmann Apartments","isPartOf":{"@id":"https:\/\/lehmann-apartments.de\/#website"},"datePublished":"2025-05-19T09:07:45+00:00","dateModified":"2025-05-19T14:47:02+00:00","breadcrumb":{"@id":"https:\/\/lehmann-apartments.de\/impressum\/#breadcrumb"},"inLanguage":"en-US","potentialAction":[{"@type":"ReadAction","target":["https:\/\/lehmann-apartments.de\/impressum\/"]}]},{"@type":"BreadcrumbList","@id":"https:\/\/lehmann-apartments.de\/impressum\/#breadcrumb","itemListElement":[{"@type":"ListItem","position":1,"name":"Startseite","item":"https:\/\/lehmann-apartments.de\/"},{"@type":"ListItem","position":2,"name":"Impressum"}]},{"@type":"WebSite","@id":"https:\/\/lehmann-apartments.de\/#website","url":"https:\/\/lehmann-apartments.de\/","name":"Lehmann Apartments","description":"Furnished apartments in Neu-Isenburg","potentialAction":[{"@type":"SearchAction","target":{"@type":"EntryPoint","urlTemplate":"https:\/\/lehmann-apartments.de\/?s={search_term_string}"},"query-input":{"@type":"PropertyValueSpecification","valueRequired":true,"valueName":"search_term_string"}}],"inLanguage":"en-US"}]}},"_links":{"self":[{"href":"https:\/\/lehmann-apartments.de\/en\/wp-json\/wp\/v2\/pages\/534","targetHints":{"allow":["GET"]}}],"collection":[{"href":"https:\/\/lehmann-apartments.de\/en\/wp-json\/wp\/v2\/pages"}],"about":[{"href":"https:\/\/lehmann-apartments.de\/en\/wp-json\/wp\/v2\/types\/page"}],"author":[{"embeddable":true,"href":"https:\/\/lehmann-apartments.de\/en\/wp-json\/wp\/v2\/users\/2"}],"replies":[{"embeddable":true,"href":"https:\/\/lehmann-apartments.de\/en\/wp-json\/wp\/v2\/comments?post=534"}],"version-history":[{"count":0,"href":"https:\/\/lehmann-apartments.de\/en\/wp-json\/wp\/v2\/pages\/534\/revisions"}],"wp:attachment":[{"href":"https:\/\/lehmann-apartments.de\/en\/wp-json\/wp\/v2\/media?parent=534"}],"curies":[{"name":"wp","href":"https:\/\/api.w.org\/{rel}","templated":true}]}}